{"id":761,"date":"2018-05-19T20:04:01","date_gmt":"2018-05-19T20:04:01","guid":{"rendered":"http:\/\/jacotoursportfishing.com\/?post_type=product&#038;p=761"},"modified":"2018-06-21T20:20:28","modified_gmt":"2018-06-21T20:20:28","slug":"package-4-zip-line-3-hour-buggy-waterfalls","status":"publish","type":"product","link":"https:\/\/jacotoursportfishing.com\/index.php\/product\/package-4-zip-line-3-hour-buggy-waterfalls\/","title":{"rendered":"Package 4 : Zip Line + 3 Hour Buggy + Waterfalls"},"content":{"rendered":"<p><span style=\"font-family: 'Times New Roman', serif;\"><span style=\"font-size: medium;\"><span lang=\"es-CR\">This tour combines a more extensive Buggy Adventure, and it\u2019s full of adventure and adrenaline, we will put you in the driver\u2019s seat of some of the best Honda 4\u00d74 off road vehicles. Your can enjoy our five passenger Honda 4\u00d74 Pioneer 1000cc, or our four passenger Honda 4\u00d74 Pioneer 700cc, on this tours you will get to experience the Rainforest from a bird\u2019s eye view and also go deep in the paths, trails, rivers and lots of muddy roads in a transitional Central Pacific forest.<\/span><\/span><\/span><\/p>\n<p><span style=\"font-family: 'Times New Roman', serif;\"><span style=\"font-size: medium;\"><span lang=\"es-CR\">You will start with the 2 hour Zip Line on the top of the rainforest, which includes a 15 minute tractor ride up to the top of the mountain; you will then descend on a series of 12 platforms and 10 cables, including one of the longest in Costa Rica\u2019s Central Pacific.<\/span><\/span><\/span><\/p>\n<p><span style=\"font-family: 'Times New Roman', serif;\"><span style=\"font-size: medium;\"><span lang=\"es-CR\">Now it\u2019s time to get dirty on our 3&nbsp;hours BUGGY adventure including Waterfalls, &nbsp;this tour will give you the opportunity to discover Costa Rican trails, jungle, ocean views, rivers and the best guides to make this an experience of a lifetime, with a finishing touch at your own private Waterfalls.<\/span><\/span><\/span><\/p>\n<p><span style=\"font-family: 'Times New Roman', serif;\"><span style=\"font-size: medium;\"><span lang=\"es-CR\">The package does not include lunch, but for an additional cost Vista Los Sue\u00f1os offers a Costa Rican \u201cTypical Casado\u201d this traditional dish is a combination of rice, beans, salad, fried plantain, vegetables and one portion of meat to choose from, natural drink and dessert. Once your tour ends we will be waiting to serve your lunch in a beautiful fresh open air area surrounded by nature, you can also buy additional drinks at the Park.<\/span><\/span><\/span><\/p>\n<p><span style=\"font-family: 'Times New Roman', serif;\"><span style=\"font-size: large;\"><span lang=\"es-CR\"><b>TERMS &amp; CONDITIONS<\/b><\/span><\/span><\/span><\/p>\n<p>\u2013&nbsp;<span style=\"font-family: 'Times New Roman', serif;\"><span style=\"font-size: medium;\"><span lang=\"es-CR\">Must bring a credit card for vehicle deposit.<\/span><\/span><\/span><br \/>\n<span style=\"font-family: 'Times New Roman', serif;\"><span style=\"font-size: medium;\"><span lang=\"es-CR\">\u2013&nbsp;You have to be minimum 18 year to drive.<\/span><\/span><\/span><br \/>\n<span style=\"font-family: 'Times New Roman', serif;\"><span style=\"font-size: medium;\"><span lang=\"es-CR\">\u2013&nbsp;You may get dirty on the tour, dress appropriately.<\/span><\/span><\/span><br \/>\n<span style=\"font-family: 'Times New Roman', serif;\"><span style=\"font-size: medium;\"><span lang=\"es-CR\">\u2013 If the path is wet it can become very muddy.<\/span><\/span><\/span><br \/>\n<span style=\"font-family: 'Times New Roman', serif;\"><span style=\"font-size: medium;\"><span lang=\"es-CR\">\u2013 We have bandanas and insect repellent available for purchase.<\/span><\/span><\/span><br \/>\n<span style=\"font-family: 'Times New Roman', serif;\"><span style=\"font-size: medium;\"><span lang=\"es-CR\">\u2013 In the jungle insects are to be expected.<\/span><\/span><\/span><\/p>\n<p><span style=\"font-family: 'Times New Roman', serif;\"><span style=\"font-size: medium;\"><span lang=\"es-CR\"><b>Includes:<\/b><\/span><\/span><\/span><\/p>\n<ul>\n<li><span style=\"font-family: 'Times New Roman', serif;\"><span style=\"font-size: medium;\"><span lang=\"es-CR\">2 hours zip line and 3 hours&nbsp;Buggy<\/span><\/span><\/span><\/li>\n<li><span style=\"font-family: 'Times New Roman', serif;\"><span style=\"font-size: medium;\"><span lang=\"es-CR\">Bilingual guides<\/span><\/span><\/span><\/li>\n<li><span style=\"font-family: 'Times New Roman', serif;\"><span style=\"font-size: medium;\"><span lang=\"es-CR\">Insurance, safety equipment<\/span><\/span><\/span><\/li>\n<li><span style=\"font-family: 'Times New Roman', serif;\"><span style=\"font-size: medium;\"><span lang=\"es-CR\">Fruits and water included on both tours<\/span><\/span><\/span><\/li>\n<li><span style=\"font-family: 'Times New Roman', serif;\"><span style=\"font-size: medium;\"><span lang=\"es-CR\">Breathtaking views of the Pacific Ocean<\/span><\/span><\/span><\/li>\n<li><span style=\"font-family: 'Times New Roman', serif;\"><span style=\"font-size: medium;\"><span lang=\"es-CR\">Five passenger Honda 4\u00d74 Pioneer 1000 cc, four passenger Honda 4\u00d74 Pioneer 700 cc<\/span><\/span><\/span><\/li>\n<\/ul>\n<p><span style=\"font-family: 'Times New Roman', serif;\"><span style=\"font-size: medium;\"><span lang=\"es-CR\"><b>What To Bring:<\/b><\/span><\/span><\/span><\/p>\n<p><span style=\"font-family: 'Times New Roman', serif;\"><span style=\"font-size: medium;\"><span lang=\"es-CR\"><b>On the Zip Line portion:<\/b><\/span><\/span><\/span><span style=\"font-family: 'Times New Roman', serif;\"><span style=\"font-size: medium;\"><span lang=\"es-CR\">&nbsp;Comfortable clothes, tennis shoes or strap on sandals, sun block, insect repellent.<\/span><\/span><\/span><\/p>\n<p><span style=\"font-family: 'Times New Roman', serif;\"><span style=\"font-size: medium;\"><span lang=\"es-CR\"><b>On the Buggy portion:<\/b><\/span><\/span><\/span><span style=\"font-family: 'Times New Roman', serif;\"><span style=\"font-size: medium;\"><span lang=\"es-CR\">&nbsp;Towel, swimming clothes, extra clothes, (chances are your clothes and shoes are going to get very dirty) <\/span><\/span><\/span><\/p>\n<p><span style=\"font-family: 'Times New Roman', serif;\"><span style=\"font-size: medium;\"><span lang=\"es-CR\"><b>Departure Times:<\/b><\/span><\/span><\/span><br \/>\n<span style=\"font-family: 'Times New Roman', serif;\"><span style=\"font-size: medium;\"><span lang=\"es-CR\">8:00am, 9:00am, 11:00am, 12:00md. <\/span><\/span><\/span><\/p>\n<p><span style=\"font-family: 'Times New Roman', serif;\"><span style=\"font-size: medium;\"><span lang=\"es-CR\"><b>Duration:<\/b><\/span><\/span><\/span><br \/>\n<span style=\"font-family: 'Times New Roman', serif;\"><span style=\"font-size: medium;\"><span lang=\"es-CR\">5 hours<\/span><\/span><\/span><\/p>\n<p><a class=\"fasc-button fasc-size-large fasc-type-flat fasc-rounded-medium ico-fa fasc-ico-before fa-plus-square\" style=\"background-color: #00f4f8; color: #000000;\" href=\"https:\/\/jacotoursportfishing.com\/index.php\/contact-us\/\">More Info<\/a><\/p>\n","protected":false},"excerpt":{"rendered":"<p><span style=\"font-family: 'Times New Roman', serif;\"><span style=\"font-size: medium;\"><span lang=\"es-CR\">This tour combines a more extensive Buggy Adventure, and it\u2019s full of adventure and adrenaline, we will put you in the driver\u2019s seat of some of the best Honda 4\u00d74 off road vehicles. Your can enjoy our five passenger Honda 4\u00d74 Pioneer 1000cc, or our four passenger Honda 4\u00d74 Pioneer 700cc, on this tours you will get to experience the Rainforest from a bird\u2019s eye view and also go deep in the paths, trails, rivers and lots of muddy roads in a transitional Central Pacific forest.<\/span><\/span><\/span><\/p>\n","protected":false},"featured_media":762,"template":"","meta":[],"product_cat":[24],"product_tag":[27],"class_list":["post-761","product","type-product","status-publish","has-post-thumbnail","hentry","product_cat-tour","product_tag-tours"],"_links":{"self":[{"href":"https:\/\/jacotoursportfishing.com\/index.php\/wp-json\/wp\/v2\/product\/761","targetHints":{"allow":["GET"]}}],"collection":[{"href":"https:\/\/jacotoursportfishing.com\/index.php\/wp-json\/wp\/v2\/product"}],"about":[{"href":"https:\/\/jacotoursportfishing.com\/index.php\/wp-json\/wp\/v2\/types\/product"}],"wp:featuredmedia":[{"embeddable":true,"href":"https:\/\/jacotoursportfishing.com\/index.php\/wp-json\/wp\/v2\/media\/762"}],"wp:attachment":[{"href":"https:\/\/jacotoursportfishing.com\/index.php\/wp-json\/wp\/v2\/media?parent=761"}],"wp:term":[{"taxonomy":"product_cat","embeddable":true,"href":"https:\/\/jacotoursportfishing.com\/index.php\/wp-json\/wp\/v2\/product_cat?post=761"},{"taxonomy":"product_tag","embeddable":true,"href":"https:\/\/jacotoursportfishing.com\/index.php\/wp-json\/wp\/v2\/product_tag?post=761"}],"curies":[{"name":"wp","href":"https:\/\/api.w.org\/{rel}","templated":true}]}}